{"id":17,"date":"2023-02-02T20:59:34","date_gmt":"2023-02-02T19:59:34","guid":{"rendered":"http:\/\/dziesiatka.3sys.net\/?page_id=17"},"modified":"2025-03-21T21:37:49","modified_gmt":"2025-03-21T20:37:49","slug":"chce-zostac-klubowiczem","status":"publish","type":"page","link":"https:\/\/ksdziesiatka.pl\/old\/chce-zostac-klubowiczem\/","title":{"rendered":"Jak Zosta\u0107 Cz\u0142onkiem Klubu ?"},"content":{"rendered":"\n<figure class=\"wp-block-image size-large is-resized\"><a href=\"https:\/\/ksdziesiatka.pl\/old\/wp-content\/uploads\/2023\/02\/zapisz-sie-fb-1.png\"><img loading=\"lazy\" decoding=\"async\" width=\"1024\" height=\"1024\" src=\"https:\/\/ksdziesiatka.pl\/old\/wp-content\/uploads\/2023\/02\/zapisz-sie-fb-1-1024x1024.png\" alt=\"\" class=\"wp-image-77426\" style=\"width:508px;height:510px\" srcset=\"https:\/\/ksdziesiatka.pl\/old\/wp-content\/uploads\/2023\/02\/zapisz-sie-fb-1-1024x1024.png 1024w, https:\/\/ksdziesiatka.pl\/old\/wp-content\/uploads\/2023\/02\/zapisz-sie-fb-1-300x300.png 300w, https:\/\/ksdziesiatka.pl\/old\/wp-content\/uploads\/2023\/02\/zapisz-sie-fb-1-150x150.png 150w, https:\/\/ksdziesiatka.pl\/old\/wp-content\/uploads\/2023\/02\/zapisz-sie-fb-1-768x768.png 768w, https:\/\/ksdziesiatka.pl\/old\/wp-content\/uploads\/2023\/02\/zapisz-sie-fb-1.png 1200w\" sizes=\"auto, (max-width: 1024px) 100vw, 1024px\" \/><\/a><\/figure>\n\n\n\n<p><strong>Dlaczego zapisa\u0107 do Klubu?<\/strong> <br>Je\u015bli wiesz, \u017ce strzelectwo to co\u015b dla Ciebie, czujesz, \u017ce w taki spos\u00f3b mo\u017cesz si\u0119 odpr\u0119\u017cy\u0107, to jak najbardziej powiniene\u015b\/a\u015b si\u0119 zapisa\u0107!<br>Przy za\u0142o\u017ceniu, \u017ce masz ch\u0119\u0107 postrzela\u0107 cz\u0119\u015bciej ni\u017c dwa razy w miesi\u0105cu zwyczajnie op\u0142aca Ci si\u0119 to finansowo.<br>Je\u015bli planujesz w przysz\u0142o\u015bci posiada\u0107 w\u0142asn\u0105 bro\u0144 (pozwolenie na bro\u0144) cz\u0142onkostwo w Klubie jest Ci niezb\u0119dne. <\/p>\n\n\n\n<p><strong>Jak zosta\u0107 Cz\u0142onkiem Klubu?<\/strong> <br>\u017beby zapisa\u0107 si\u0119 do naszego Klubu wystarczy przyj\u015b\u0107 w dowolnym dniu klubowym (sprawd\u017a <a href=\"https:\/\/ksdziesiatka.pl\/old\/o-nas\/kontakt\/\" data-type=\"page\" data-id=\"52\">tutaj<\/a>). Osoby powy\u017cej 18 roku \u017cycia powinny przynie\u015b\u0107 ze sob\u0105 dow\u00f3d osobisty i 280z\u0142 na op\u0142aty (wpisowe 100 z\u0142 i p\u00f3\u0142roczna sk\u0142adka cz\u0142onkowska 180z\u0142). M\u0142odzie\u017c okazuje legitymacj\u0119 szkoln\u0105 i przynosi ze sob\u0105 210z\u0142 (wpisowe 30 z\u0142 i 180 z\u0142 p\u00f3\u0142roczna sk\u0142adka cz\u0142onkowska)<\/p>\n\n\n\n<p><strong>Co na tym zyskasz?<\/strong><br>Przede wszystkim, b\u0119d\u0105c Cz\u0142onkiem Klubu nie ponosisz dodatkowych op\u0142at za instruktora czy stanowisko, p\u0142acisz tylko za amunicj\u0119 kt\u00f3r\u0105 wystrzelasz (po cenach Klubowych). Je\u015bli masz ch\u0119\u0107 mie\u0107 w\u0142asn\u0105 bro\u0144, to b\u0119d\u0105c cz\u0142onkiem Klubu spe\u0142niasz niezb\u0119dny warunek, kt\u00f3ry Ci to umo\u017cliwi. Kawa, herbata &#8211; darmo ale samoobs\u0142uga.<\/p>\n\n\n\n<p><strong>Nie wiesz czy strzelanie jest dla Ciebie? <br><\/strong>Je\u017celi nadal nie zdecydowa\u0142e\u015b\/a\u015b, czy strzelectwo jest dla Ciebie mo\u017cesz wcze\u015bniej spr\u00f3bowa\u0107. <br>Mo\u017cesz do nas napisa\u0107, zadzwoni\u0107 albo zwyczajnie przyj\u015b\u0107 i nas pozna\u0107 &#8211; mamy nadziej\u0119, \u017ce zarazimy Ci\u0119 mi\u0142o\u015bci\u0105 do strzelectwa. <br>Je\u015bli chcesz spr\u00f3bowa\u0107 postrzela\u0107 zanim si\u0119 zapiszesz to w zak\u0142adce &#8222;<a rel=\"noreferrer noopener\" href=\"https:\/\/ksdziesiatka.pl\/old\/pakiety-strzeleckie\/\" data-type=\"URL\" data-id=\"https:\/\/ksdziesiatka.pl\/old\/pakiety-strzeleckie\/\" target=\"_blank\">Ofert<\/a><a href=\"https:\/\/ksdziesiatka.pl\/old\/pakiety-strzeleckie\/\" data-type=\"URL\" data-id=\"https:\/\/ksdziesiatka.pl\/old\/pakiety-strzeleckie\/\" target=\"_blank\" rel=\"noreferrer noopener\">a<\/a>&#8221; znajdziesz Regionalne Pakiety Strzeleckie &#8211; idealne \u017ceby sprawdzi\u0107 czy to Ci si\u0119 podoba. <\/p>\n\n\n\n<p>Zapraszamy!<\/p>\n\n\n\n<p>P.S.<br>W dniu 21.03.2025 nasz Klub liczy 329 cz\u0142onk\u00f3w<\/p>\n","protected":false},"excerpt":{"rendered":"<p>Dlaczego zapisa\u0107 do Klubu? Je\u015bli wiesz, \u017ce strzelectwo to co\u015b dla Ciebie, czujesz, \u017ce w taki spos\u00f3b mo\u017cesz si\u0119 odpr\u0119\u017cy\u0107, to jak najbardziej powiniene\u015b\/a\u015b si\u0119 zapisa\u0107!Przy za\u0142o\u017ceniu, \u017ce masz ch\u0119\u0107 postrzela\u0107 cz\u0119\u015bciej ni\u017c dwa razy w miesi\u0105cu zwyczajnie op\u0142aca Ci &hellip; <a href=\"https:\/\/ksdziesiatka.pl\/old\/chce-zostac-klubowiczem\/\">Czytaj dalej <span class=\"meta-nav\">&rarr;<\/span><\/a><\/p>\n","protected":false},"author":9,"featured_media":0,"parent":0,"menu_order":0,"comment_status":"closed","ping_status":"closed","template":"sidebar-page.php","meta":{"footnotes":""},"class_list":["post-17","page","type-page","status-publish","hentry"],"_links":{"self":[{"href":"https:\/\/ksdziesiatka.pl\/old\/wp-json\/wp\/v2\/pages\/17","targetHints":{"allow":["GET"]}}],"collection":[{"href":"https:\/\/ksdziesiatka.pl\/old\/wp-json\/wp\/v2\/pages"}],"about":[{"href":"https:\/\/ksdziesiatka.pl\/old\/wp-json\/wp\/v2\/types\/page"}],"author":[{"embeddable":true,"href":"https:\/\/ksdziesiatka.pl\/old\/wp-json\/wp\/v2\/users\/9"}],"replies":[{"embeddable":true,"href":"https:\/\/ksdziesiatka.pl\/old\/wp-json\/wp\/v2\/comments?post=17"}],"version-history":[{"count":21,"href":"https:\/\/ksdziesiatka.pl\/old\/wp-json\/wp\/v2\/pages\/17\/revisions"}],"predecessor-version":[{"id":82807,"href":"https:\/\/ksdziesiatka.pl\/old\/wp-json\/wp\/v2\/pages\/17\/revisions\/82807"}],"wp:attachment":[{"href":"https:\/\/ksdziesiatka.pl\/old\/wp-json\/wp\/v2\/media?parent=17"}],"curies":[{"name":"wp","href":"https:\/\/api.w.org\/{rel}","templated":true}]}}