{"id":46,"date":"2015-11-24T22:51:06","date_gmt":"2015-11-24T21:51:06","guid":{"rendered":"http:\/\/dziesiatka.3sys.net\/?page_id=46"},"modified":"2026-03-09T16:31:39","modified_gmt":"2026-03-09T15:31:39","slug":"zarzad-klubu","status":"publish","type":"page","link":"https:\/\/ksdziesiatka.pl\/old\/zarzad-klubu\/","title":{"rendered":"Zarz\u0105d klubu"},"content":{"rendered":"<p><span style=\"font-size: 14pt;\"><strong>Sk\u0142ad<\/strong> <strong>Zarz\u0105du Klubu Strzeleckiego &#8222;DZIESI\u0104TKA&#8221; LOK \u0141\u00f3d\u017a<\/strong>:<\/span><\/p>\n<ul>\n<li><strong>Marcin Posmyk<\/strong> &#8211; Prezes Klubu<\/li>\n<li><strong>Aleksandra Soszka<\/strong> &#8211; Wiceprezes\/Kwatermistrz<\/li>\n<li><strong>Mariusz Szczepaniak <\/strong>&#8211; Sekretarz<\/li>\n<li><strong>Maciej Chojnacki<\/strong> &#8211; Skarbnik<\/li>\n<li><strong>Igor \u017bebrowski\u00a0<\/strong>&#8211; Cz\u0142onek Zarz\u0105du<\/li>\n<\/ul>\n<p><span style=\"font-size: 14pt;\"><strong>Komisja Rewizyjna:<\/strong><\/span><\/p>\n<ul>\n<li><strong>Juliusz Wrza\u0142ek\u00a0<\/strong>&#8211; Przewodnicz\u0105cy<\/li>\n<li><strong>Robert Lasek\u00a0<\/strong> &#8211; Zast\u0119pca Przewodnicz\u0105cego<\/li>\n<li><strong>Micha\u0142 Koty\u0144ski <\/strong> &#8211; Sekretarz<\/li>\n<\/ul>\n\n\n<p><\/p>\n","protected":false},"excerpt":{"rendered":"<p>Sk\u0142ad Zarz\u0105du Klubu Strzeleckiego &#8222;DZIESI\u0104TKA&#8221; LOK \u0141\u00f3d\u017a: Marcin Posmyk &#8211; Prezes Klubu Aleksandra Soszka &#8211; Wiceprezes\/Kwatermistrz Mariusz Szczepaniak &#8211; Sekretarz Maciej Chojnacki &#8211; Skarbnik Igor \u017bebrowski\u00a0&#8211; Cz\u0142onek Zarz\u0105du Komisja Rewizyjna: Juliusz Wrza\u0142ek\u00a0&#8211; Przewodnicz\u0105cy Robert Lasek\u00a0 &#8211; Zast\u0119pca Przewodnicz\u0105cego Micha\u0142 Koty\u0144ski &hellip; <a href=\"https:\/\/ksdziesiatka.pl\/old\/zarzad-klubu\/\">Czytaj dalej <span class=\"meta-nav\">&rarr;<\/span><\/a><\/p>\n","protected":false},"author":1,"featured_media":51,"parent":0,"menu_order":0,"comment_status":"closed","ping_status":"closed","template":"sidebar-page.php","meta":{"footnotes":""},"class_list":["post-46","page","type-page","status-publish","has-post-thumbnail","hentry"],"_links":{"self":[{"href":"https:\/\/ksdziesiatka.pl\/old\/wp-json\/wp\/v2\/pages\/46","targetHints":{"allow":["GET"]}}],"collection":[{"href":"https:\/\/ksdziesiatka.pl\/old\/wp-json\/wp\/v2\/pages"}],"about":[{"href":"https:\/\/ksdziesiatka.pl\/old\/wp-json\/wp\/v2\/types\/page"}],"author":[{"embeddable":true,"href":"https:\/\/ksdziesiatka.pl\/old\/wp-json\/wp\/v2\/users\/1"}],"replies":[{"embeddable":true,"href":"https:\/\/ksdziesiatka.pl\/old\/wp-json\/wp\/v2\/comments?post=46"}],"version-history":[{"count":19,"href":"https:\/\/ksdziesiatka.pl\/old\/wp-json\/wp\/v2\/pages\/46\/revisions"}],"predecessor-version":[{"id":83039,"href":"https:\/\/ksdziesiatka.pl\/old\/wp-json\/wp\/v2\/pages\/46\/revisions\/83039"}],"wp:featuredmedia":[{"embeddable":true,"href":"https:\/\/ksdziesiatka.pl\/old\/wp-json\/wp\/v2\/media\/51"}],"wp:attachment":[{"href":"https:\/\/ksdziesiatka.pl\/old\/wp-json\/wp\/v2\/media?parent=46"}],"curies":[{"name":"wp","href":"https:\/\/api.w.org\/{rel}","templated":true}]}}