{"id":52,"date":"2015-11-24T23:34:44","date_gmt":"2015-11-24T22:34:44","guid":{"rendered":"http:\/\/dziesiatka.3sys.net\/?page_id=52"},"modified":"2025-11-20T19:32:42","modified_gmt":"2025-11-20T18:32:42","slug":"kontakt","status":"publish","type":"page","link":"https:\/\/ksdziesiatka.pl\/old\/kontakt\/","title":{"rendered":"Kontakt"},"content":{"rendered":"\n<p><strong>Adres Klubu:<\/strong><br>ul. Konstantynowska 1<br>94-303 \u0141\u00f3d\u017a<br><strong>telefon: 538 27 10 10 <\/strong>(Telefon Klubowy jest odbierany tylko w godzinach otwarcia Klubu pod warunkiem, \u017ce nie jeste\u015bmy wszyscy zaj\u0119ci)<\/p>\n\n\n\n<p><strong>Godziny otwarcia Klubu:<\/strong><br>Poniedzia\u0142ki oraz \u015arody w godzinach <strong>13:00 &#8211; 20:00<\/strong><br>Wtorki oraz Pi\u0105tki w godzinach <strong>16:30 &#8211; 20:00<\/strong><br>Czwartki &#8211; nieczynne<\/p>\n\n\n\n<p><strong>Adresy e-mail:<\/strong><br>Biuro Klubu &#8211; <span style=\"color: #3366ff;\"><span class=\"has-inline-color has-blue-color\"><a href=\"mailto:biuro@ksdziesiatka.pl\">biuro@ksdziesiatka.pl<\/a><\/span><\/span><br>Zarz\u0105d  &#8211; <span style=\"color: #3366ff;\"><span class=\"has-inline-color has-blue-color\"><a href=\"mailto:zarzad@ksdziesiatka.pl\">zarzad@ksdziesiatka.pl<\/a><\/span><\/span><br>Komisja Rewizyjna &#8211; <span class=\"has-inline-color has-blue-color\"><a href=\"mailto:komisja@ksdziesiatka.pl\">komisja@ksdziesiatka.pl<\/a><\/span><\/p>\n\n\n\n<p><strong>Facebook:<\/strong><br><a rel=\"noreferrer noopener\" href=\"https:\/\/www.facebook.com\/KlubStrzeleckiDziesiatkaLOKLodz\" target=\"_blank\">facebook<\/a><\/p>\n\n\n\n<p><code><br> <iframe loading=\"lazy\" style=\"border: 0;\" src=\"https:\/\/www.google.com\/maps\/embed?pb=!1m18!1m12!1m3!1d2469.0877869236324!2d19.418026515246492!3d51.76800229943705!2m3!1f0!2f0!3f0!3m2!1i1024!2i768!4f13.1!3m3!1m2!1s0x471a354baec30e43%3A0x40d165510dc981f0!2sKlub+Strzelecki+%22Dziesi%C4%85tka%22+LOK+w+%C5%81odzi!5e0!3m2!1spl!2spl!4v1448404108854\" width=\"584\" height=\"584\" frameborder=\"0\" allowfullscreen=\"allowfullscreen\"><br><\/code><\/p><\/iframe><\/code><\/p>\n","protected":false},"excerpt":{"rendered":"<p>Adres Klubu:ul. Konstantynowska 194-303 \u0141\u00f3d\u017atelefon: 538 27 10 10 (Telefon Klubowy jest odbierany tylko w godzinach otwarcia Klubu pod warunkiem, \u017ce nie jeste\u015bmy wszyscy zaj\u0119ci) Godziny otwarcia Klubu:Poniedzia\u0142ki oraz \u015arody w godzinach 13:00 &#8211; 20:00Wtorki oraz Pi\u0105tki w godzinach 16:30 &hellip; <a href=\"https:\/\/ksdziesiatka.pl\/old\/kontakt\/\">Czytaj dalej <span class=\"meta-nav\">&rarr;<\/span><\/a><\/p>\n","protected":false},"author":1,"featured_media":0,"parent":0,"menu_order":0,"comment_status":"closed","ping_status":"closed","template":"sidebar-page.php","meta":{"footnotes":""},"class_list":["post-52","page","type-page","status-publish","hentry"],"_links":{"self":[{"href":"https:\/\/ksdziesiatka.pl\/old\/wp-json\/wp\/v2\/pages\/52","targetHints":{"allow":["GET"]}}],"collection":[{"href":"https:\/\/ksdziesiatka.pl\/old\/wp-json\/wp\/v2\/pages"}],"about":[{"href":"https:\/\/ksdziesiatka.pl\/old\/wp-json\/wp\/v2\/types\/page"}],"author":[{"embeddable":true,"href":"https:\/\/ksdziesiatka.pl\/old\/wp-json\/wp\/v2\/users\/1"}],"replies":[{"embeddable":true,"href":"https:\/\/ksdziesiatka.pl\/old\/wp-json\/wp\/v2\/comments?post=52"}],"version-history":[{"count":39,"href":"https:\/\/ksdziesiatka.pl\/old\/wp-json\/wp\/v2\/pages\/52\/revisions"}],"predecessor-version":[{"id":82947,"href":"https:\/\/ksdziesiatka.pl\/old\/wp-json\/wp\/v2\/pages\/52\/revisions\/82947"}],"wp:attachment":[{"href":"https:\/\/ksdziesiatka.pl\/old\/wp-json\/wp\/v2\/media?parent=52"}],"curies":[{"name":"wp","href":"https:\/\/api.w.org\/{rel}","templated":true}]}}