{"id":66046,"date":"2021-09-06T13:38:53","date_gmt":"2021-09-06T11:38:53","guid":{"rendered":"https:\/\/ksdziesiatka.pl\/old\/?page_id=66046"},"modified":"2024-10-06T12:40:05","modified_gmt":"2024-10-06T10:40:05","slug":"jak-uzyskac-pozwolenie-na-bron-sportowa-do-celow-sportowych","status":"publish","type":"page","link":"https:\/\/ksdziesiatka.pl\/old\/jak-uzyskac-pozwolenie-na-bron-sportowa-do-celow-sportowych\/","title":{"rendered":"Jak uzyska\u0107 pozwolenie na bro\u0144 sportow\u0105 do cel\u00f3w sportowych"},"content":{"rendered":"\n<p>\u017beby uzyska\u0107 pozwolenie na bro\u0144 sportow\u0105 do cel\u00f3w sportowych trzeba spe\u0142ni\u0107 szereg wymaga\u0144 i przej\u015b\u0107 przez ca\u0142\u0105 procedur\u0119, kt\u00f3ra nie jest specjalnie skomplikowana, ale troch\u0119 czasoch\u0142onna i trzeba pami\u0119ta\u0107 o pewnych kwestiach wynikaj\u0105cych z aktualnych przepis\u00f3w i rozporz\u0105dze\u0144.<\/p>\n\n\n\n<p class=\"has-medium-font-size\"><strong>Na pocz\u0105tku przychodzimy do Klubu Strzeleckiego<\/strong><\/p>\n\n\n\n<p>Musimy znale\u017a\u0107 w swojej okolicy Klub kt\u00f3ry nam b\u0119dzie pasowa\u0142 pod wzgl\u0119dem sk\u0142adek, ludzi, dojazdu, warunk\u00f3w itp. Ka\u017cdy Klub mo\u017ce mie\u0107 w\u0142asny cennik zwi\u0105zany z dzia\u0142alno\u015bci\u0105 i b\u0119d\u0105 obowi\u0105zywa\u0142y inne op\u0142aty. W momencie zapisu do wybranego Klubu powinni\u015bmy by\u0107 r\u00f3wnie\u017c wpisani przez Klub do Systemu informatycznego Polskiego Zwi\u0105zku Strzelectwa Sportowego. To od tego momentu liczy nam si\u0119 sta\u017c w Klubie. Pierwszym warunkiem do osi\u0105gni\u0119cia naszego celu jest sta\u017c <strong>MINIMUM<\/strong> 1 miesi\u0105c od daty zapisu (do PZSS). Jest to czas dla nas by si\u0119 nauczy\u0107 <strong>bezpiecze\u0144stwa<\/strong>, obs\u0142ugi broni i samego strzelania.<\/p>\n\n\n\n<p class=\"has-medium-font-size\"><strong>Patent Strzelecki<\/strong><\/p>\n\n\n\n<div class=\"wp-block-columns is-layout-flex wp-container-core-columns-is-layout-9d6595d7 wp-block-columns-is-layout-flex\">\n<div class=\"wp-block-column is-layout-flow wp-block-column-is-layout-flow\" style=\"flex-basis:100%\">\n<p>Po spe\u0142nieniu pierwszego z wymaga\u0144 mo\u017cemy przyst\u0119powa\u0107 do egzaminu na patent strzelecki. R\u00f3\u017cne Kluby w r\u00f3\u017cny spos\u00f3b podchodz\u0105 do przeszkolenia swoich klubowicz\u00f3w do Patentu bo to tak na prawd\u0119 nam powinno zale\u017ce\u0107, by si\u0119 nauczy\u0107 jak najwi\u0119cej i przygotowa\u0107 jak najlepiej, bo co to za strzelec kt\u00f3ry ma w r\u0119ku bro\u0144 raz do roku i nic nie umie&#8230; to po co mu bro\u0144? W ka\u017cdym razie po sta\u017cu zaczynamy &#8222;polowa\u0107&#8221; na termin Patentu   Strzeleckiego na portalu PZSS by m\u00f3c si\u0119 na niego zapisa\u0107. <strong>Koszt samego<\/strong> <strong>egzaminu<\/strong> to 400 z\u0142. Ale musimy te\u017c zadba\u0107 o za\u015bwiadczenie od lekarza by podej\u015b\u0107 do egzaminu. Klub zapewne nas w tym momencie wesprze, informacjami, co, gdzie i kiedy. Sam egzamin sk\u0142ada si\u0119 z cz\u0119\u015bci teoretycznej i praktycznej.<br><br>Cz\u0119\u015b\u0107 teoretyczna obejmuje sprawdzenie znajomo\u015bci z:<br>&#8211; obowi\u0105zuj\u0105cej ustawy o broni i amunicji oraz przepis\u00f3w wydanych na jej postawie;<br>&#8211; zasad bezpiecze\u0144stwa przy pos\u0142ugiwaniu si\u0119 broni\u0105 sportow\u0105;<br>&#8211; regulamin\u00f3w strzeleckich;<br>&#8211; budowy, zasad dzia\u0142ania i danych technicznych broni do cel\u00f3w sportowych;<br>&#8211; znajomo\u015bci przepis\u00f3w kodeksu karnego dotycz\u0105cych przest\u0119pstw zwi\u0105zanych z<br>broni\u0105.<br><br>Teoretyczna cz\u0119\u015b\u0107 egzaminu jest przeprowadzana w formie testu sk\u0142adaj\u0105cego si\u0119 z 10<br>pyta\u0144. Warunkiem uzyskania pozytywnego wyniku z teoretycznej cz\u0119\u015bci egzaminu jest<br>udzielenie przez prawid\u0142owych odpowiedzi na nie mniej ni\u017c 9 pyta\u0144. Wyj\u0105tek<br>stanowi\u0105 pierwsze cztery pytania dotycz\u0105ce ustawy o broni i amunicji oraz zasad<br>bezpiecze\u0144stwa. B\u0142\u0119dna odpowied\u017a na te pytania powoduje <strong>NIE ZALICZENIE EGZAMINU<\/strong>.<br><br>Cz\u0119\u015b\u0107 praktyczna obejmuje:<br>&#8211; sprawdzenie przestrzegania regulaminu strzelnicy;<br>&#8211; sprawdzenie umiej\u0119tno\u015bci prawid\u0142owego rozk\u0142adania i sk\u0142adania broni, \u0142adowania<br>amunicj\u0105, i roz\u0142adowywania oraz zabezpieczania, i odbezpieczania, a tak\u017ce<br>post\u0119powania w przypadku jej niesprawno\u015bci;<br>&#8211; sprawdzian strzelecki z u\u017cyciem w\u0142a\u015bciwego dla danej dyscypliny rodzaju broni.<br><br>Komisja mo\u017ce zadawa\u0107 pytania dotycz\u0105ce zagadnie\u0144 o kt\u00f3rych mowa wy\u017cej.<br>Warunkiem zdania praktycznej cz\u0119\u015bci egzaminu jest uzyskanie pozytywnej oceny ze<br>sprawdzenia znajomo\u015bci zagadnie\u0144.<br><br>\u017ar\u00f3d\u0142o: <a rel=\"noreferrer noopener\" href=\"https:\/\/www.pzss.org.pl\/assets\/files\/licencyjno-patentowa\/regulamin-patentu-strzeleckiego-22-06-2020.pdf\" data-type=\"URL\" data-id=\"https:\/\/www.pzss.org.pl\/assets\/files\/licencyjno-patentowa\/regulamin-patentu-strzeleckiego-22-06-2020.pdf\" target=\"_blank\">https:\/\/www.pzss.org.pl\/&#8230;\/regulamin-patentu-strzeleckiego-22-06-2020.pdf<\/a><\/p>\n<\/div>\n<\/div>\n\n\n\n<p class=\"has-medium-font-size\"><strong>Licencja zawodnicza<\/strong><\/p>\n\n\n\n<p>Je\u015bli uzyskali\u015bmy ju\u017c Patent Strzelecki to w tym momencie idziemy do biura klubu, op\u0142acamy wniosek o wydanie licencji zawodniczej i klikamy w Portalu PZSS &#8222;z\u0142\u00f3\u017c wniosek o licencj\u0119&#8221;. Jak wniosek si\u0119 przeproceduje stajemy si\u0119 pe\u0142noprawnymi zawodnikami i mo\u017cemy startowa\u0107 we wszelkich zawodach strzeleckich w kt\u00f3rych takowa licencja jest wymagana.<\/p>\n\n\n\n<p class=\"has-medium-font-size\"><strong>Pozwolenie na Bro\u0144<\/strong><\/p>\n\n\n\n<p>Jeste\u015bmy ju\u017c prawie na ko\u0144cu drogi. W poprzednim kroku stali\u015bmy si\u0119 zawodnikiem kt\u00f3ry ma dokument po\u015bwiadczaj\u0105cy o umiej\u0119tno\u015bciach. Teraz czas na Policje, a konkretnie Wydzia\u0142 Post\u0119powa\u0144 Administracyjnych Komendy Wojew\u00f3dzkiej Policji.<br>Komenda za\u017c\u0105da od nas minimum nast\u0119puj\u0105cych dokument\u00f3w:<br><strong>1. Za\u015bwiadczenia o przynale\u017cno\u015bci do Klubu<\/strong> &#8211; Dokument wydaje klub z piecz\u0119ci\u0105 i podpisem os\u00f3b uprawnionych do takich czynno\u015bci.<br><strong>2. Wniosek o wydanie Pozwolenia<\/strong> &#8211; To musicie sami ju\u017c napisa\u0107.<br><strong>3. Licencji zawodniczej na aktualny rok<\/strong> &#8211; Dokument do pobrania na swoim portalu PZSS.<br><strong>4. Patentu Strzeleckiego<\/strong> &#8211;  Dokument do pobrania na swoim portalu PZSS.<br><strong>5. Bada\u0144 lekarskich<\/strong> &#8211; zapytaj si\u0119 w Klubie gdzie najlepiej p\u00f3j\u015b\u0107 by zrobi\u0107 badania b\u0105d\u017a sprawd\u017a w samym WPA gdzie s\u0105 lekarze kt\u00f3rzy zrobi\u0105 badania (<strong>WA\u017bNE!! Dokument z badania psychologicznego wa\u017cny jest tylko 3 miesi\u0105ce od daty wystawienia)<\/strong>.<br><strong>6. Jedno zdj\u0119cie dowodowe<\/strong> &#8211; w formacie 35 x 45 mm wykonane nie wcze\u015bniej ni\u017c 6 miesi\u0119cy przed dniem z\u0142o\u017cenia wniosku o wydanie pozwolenia na bro\u0144.<br><strong>7. Dowody wp\u0142aty<\/strong> &#8211; dowody wp\u0142aty na podane przez WPA konto by Policja w og\u00f3le ruszy\u0142a z tematem.<br><br>Je\u015bli z\u0142o\u017cyli\u015bmy ju\u017c te dokumenty w WPA i wszystkie procedury wewn\u0119trzne przesz\u0142y pomy\u015blnie to po 30 dniach dostaniemy decyzj\u0119 z naszym pozwoleniem. Pami\u0119tajmy jednocze\u015bnie, \u017ce w szczeg\u00f3lnych przypadkach proces ten mo\u017ce si\u0119 wyd\u0142u\u017cy\u0107 do 60 dni<br><br>P.S.<br>Dopytajcie si\u0119 r\u00f3wnie\u017c o dopuszczenie do broni. Mo\u017ce si\u0119 wam kiedy\u015b przyda\u0107.<\/p>\n\n\n\n<p class=\"has-medium-font-size\"><strong>W\u0142asna Bro\u0144<\/strong><\/p>\n\n\n\n<p>To, \u017ce posiadamy pozwolenie na bro\u0144 nie koniecznie musi oznacza\u0107, \u017ce musimy posiada\u0107 sam\u0105 bro\u0144. Je\u015bli jednak przymierzamy si\u0119 ju\u017c do zakupu to musimy posiada\u0107 szaf\u0119 z zamkiem Klasy S1 i przedstawi\u0107 dokument szafy w WPA. Tutaj wa\u017cna sprawa: <strong>Policji nie interesuje to, \u017ce sejf na bro\u0144 wa\u017cy 3 tony, jest wmurowany w filary budynku czy przechowywano w nim miliony monet. Je\u015bli nie ma certyfikatu S1 &gt;&gt;&gt; NIE NADAJE SI\u0118.<\/strong> Jak mamy ju\u017c certyfikowan\u0105 szaf\u0119, to prosimy WPA o wydanie PROMESY NA ZAKUP BRONI co oczywi\u015bcie kosztuje 17 z\u0142otych ale jest potrzebne przy zakupie broni. Promesa jest wa\u017cna wraz z dowodem osobistym, wi\u0119c lepiej nie wnioskowa\u0107 o ni\u0105 tu\u017c przed ko\u0144cem wa\u017cno\u015bci dowodu osobistego.<\/p>\n\n\n\n<p style=\"font-size:30px\"><strong><span style=\"color:#ff0004\" class=\"has-inline-color\">Najwa\u017cniejsze na koniec<\/span><\/strong><\/p>\n\n\n\n<p>Podstaw\u0105 posiadania pozwolenia na bro\u0144 sportow\u0105 do cel\u00f3w sportowych jest posiadanie <strong>AKTUALNEJ LICENCJI ZAWODNICZEJ<\/strong>. Je\u015bli ju\u017c j\u0105 posiadamy to musimy j\u0105 co roku przed\u0142u\u017ca\u0107, startuj\u0105c w zawodach strzeleckich gdzie jest ona wymagana. \u017beby to zrobi\u0107 trzeba spe\u0142ni\u0107 zasad\u0119 4-2-2 czyli 4 starty w jednej dyscyplinie i po 2 starty w pozosta\u0142ych. Je\u015bli posiadamy Licencj\u0119 PKS (pistolet, karabin, strzelba) to musimy mie\u0107 minimum 4 starty w pistolecie, 2 starty w karabinie i 2 starty w strzelbie. Je\u015bli nie spe\u0142nimy tych wymaga\u0144 mo\u017cemy pozbawi\u0107 si\u0119 pozwolenia na bro\u0144 oraz mo\u017cemy przyst\u0105pi\u0107 do egzaminu kt\u00f3ry przywraca uprawnienia, ale on ju\u017c swoje kosztuje (tak samo musimy do niego podej\u015b\u0107 je\u015bli robimy przerw\u0119 od posiadania licencji i zamierzamy wr\u00f3ci\u0107).<\/p>\n","protected":false},"excerpt":{"rendered":"<p>\u017beby uzyska\u0107 pozwolenie na bro\u0144 sportow\u0105 do cel\u00f3w sportowych trzeba spe\u0142ni\u0107 szereg wymaga\u0144 i przej\u015b\u0107 przez ca\u0142\u0105 procedur\u0119, kt\u00f3ra nie jest specjalnie skomplikowana, ale troch\u0119 czasoch\u0142onna i trzeba pami\u0119ta\u0107 o pewnych kwestiach wynikaj\u0105cych z aktualnych przepis\u00f3w i rozporz\u0105dze\u0144. Na pocz\u0105tku &hellip; <a href=\"https:\/\/ksdziesiatka.pl\/old\/jak-uzyskac-pozwolenie-na-bron-sportowa-do-celow-sportowych\/\">Czytaj dalej <span class=\"meta-nav\">&rarr;<\/span><\/a><\/p>\n","protected":false},"author":9,"featured_media":0,"parent":0,"menu_order":0,"comment_status":"closed","ping_status":"closed","template":"sidebar-page.php","meta":{"footnotes":""},"class_list":["post-66046","page","type-page","status-publish","hentry"],"_links":{"self":[{"href":"https:\/\/ksdziesiatka.pl\/old\/wp-json\/wp\/v2\/pages\/66046","targetHints":{"allow":["GET"]}}],"collection":[{"href":"https:\/\/ksdziesiatka.pl\/old\/wp-json\/wp\/v2\/pages"}],"about":[{"href":"https:\/\/ksdziesiatka.pl\/old\/wp-json\/wp\/v2\/types\/page"}],"author":[{"embeddable":true,"href":"https:\/\/ksdziesiatka.pl\/old\/wp-json\/wp\/v2\/users\/9"}],"replies":[{"embeddable":true,"href":"https:\/\/ksdziesiatka.pl\/old\/wp-json\/wp\/v2\/comments?post=66046"}],"version-history":[{"count":7,"href":"https:\/\/ksdziesiatka.pl\/old\/wp-json\/wp\/v2\/pages\/66046\/revisions"}],"predecessor-version":[{"id":82609,"href":"https:\/\/ksdziesiatka.pl\/old\/wp-json\/wp\/v2\/pages\/66046\/revisions\/82609"}],"wp:attachment":[{"href":"https:\/\/ksdziesiatka.pl\/old\/wp-json\/wp\/v2\/media?parent=66046"}],"curies":[{"name":"wp","href":"https:\/\/api.w.org\/{rel}","templated":true}]}}