{"id":77442,"date":"2023-02-05T20:38:40","date_gmt":"2023-02-05T19:38:40","guid":{"rendered":"https:\/\/ksdziesiatka.pl\/old\/?page_id=77442"},"modified":"2025-03-21T21:26:33","modified_gmt":"2025-03-21T20:26:33","slug":"pakiety-strzeleckie","status":"publish","type":"page","link":"https:\/\/ksdziesiatka.pl\/old\/pakiety-strzeleckie\/","title":{"rendered":"Pakiety Strzeleckie"},"content":{"rendered":"\n<figure class=\"wp-block-image size-large\"><a href=\"https:\/\/ksdziesiatka.pl\/old\/wp-content\/uploads\/2023\/02\/tytul.png\"><img loading=\"lazy\" decoding=\"async\" width=\"1024\" height=\"1024\" src=\"https:\/\/ksdziesiatka.pl\/old\/wp-content\/uploads\/2023\/02\/tytul-1024x1024.png\" alt=\"\" class=\"wp-image-77443\" srcset=\"https:\/\/ksdziesiatka.pl\/old\/wp-content\/uploads\/2023\/02\/tytul-1024x1024.png 1024w, https:\/\/ksdziesiatka.pl\/old\/wp-content\/uploads\/2023\/02\/tytul-300x300.png 300w, https:\/\/ksdziesiatka.pl\/old\/wp-content\/uploads\/2023\/02\/tytul-150x150.png 150w, https:\/\/ksdziesiatka.pl\/old\/wp-content\/uploads\/2023\/02\/tytul-768x768.png 768w, https:\/\/ksdziesiatka.pl\/old\/wp-content\/uploads\/2023\/02\/tytul.png 1200w\" sizes=\"auto, (max-width: 1024px) 100vw, 1024px\" \/><\/a><\/figure>\n\n\n\n<figure class=\"wp-block-image size-large\"><a href=\"https:\/\/ksdziesiatka.pl\/old\/medicover-sport\/\" target=\"_blank\" rel=\"noopener\"><img loading=\"lazy\" decoding=\"async\" width=\"1024\" height=\"264\" src=\"https:\/\/ksdziesiatka.pl\/old\/wp-content\/uploads\/2024\/06\/medicover-slider1-1024x264.webp\" alt=\"\" class=\"wp-image-82424\" srcset=\"https:\/\/ksdziesiatka.pl\/old\/wp-content\/uploads\/2024\/06\/medicover-slider1-1024x264.webp 1024w, https:\/\/ksdziesiatka.pl\/old\/wp-content\/uploads\/2024\/06\/medicover-slider1-300x77.webp 300w, https:\/\/ksdziesiatka.pl\/old\/wp-content\/uploads\/2024\/06\/medicover-slider1-768x198.webp 768w, https:\/\/ksdziesiatka.pl\/old\/wp-content\/uploads\/2024\/06\/medicover-slider1-1536x396.webp 1536w, https:\/\/ksdziesiatka.pl\/old\/wp-content\/uploads\/2024\/06\/medicover-slider1-500x129.webp 500w, https:\/\/ksdziesiatka.pl\/old\/wp-content\/uploads\/2024\/06\/medicover-slider1.webp 1920w\" sizes=\"auto, (max-width: 1024px) 100vw, 1024px\" \/><\/a><figcaption>W ramach Pakietu Medicover Sport maj\u0105 Pa\u0144stwo mo\u017cliwo\u015b\u0107 skorzystania ze wszystkich dost\u0119pnych u Nas pakiet\u00f3w strzeleckich z rabatem 20z\u0142.<\/figcaption><\/figure>\n\n\n\n<h1 class=\"wp-block-heading\">&#8222;Zamiast cieka\u0107 po chynchach czy gra\u0107 w trambambule, odwied\u017a nasz\u0105 strzelnic\u0119 i skorzystaj z regionalnych pakiet\u00f3w strzeleckich!&#8221; \ud83d\ude42<\/h1>\n\n\n\n<p>Pakiety realizowane w ka\u017cdy dzie\u0144 Klubowy:<\/p>\n\n\n<div class='photonic-wp-stream photonic-stream ' id='photonic-wp-stream-1'>\n\n\t<div id='photonic-wp-stream-1-container' class='title-display-tooltip photonic-level-1-container sizes-present photonic-gallery-3c photonic-standard-layout photonic-thumbnail-effect-none' data-photonic-platform=\"wp\" data-photonic-gallery-columns=\"3\" data-photonic-query=\"order=ASC&amp;orderby=post__in&amp;id=77442&amp;itemtag=figure&amp;icontag=div&amp;captiontag=figcaption&amp;size=thumbnail&amp;include=77444,77445,77446&amp;exclude=&amp;link=&amp;offset=0&amp;layout=square&amp;custom_classes=&amp;alignment=&amp;caption=title&amp;page=1&amp;count=-1&amp;thumb_size=small-feature&amp;slide_size=large&amp;type=default&amp;style=square&amp;display=local&amp;ids=77444,77445,77446&amp;columns=3&amp;main_size=full&amp;load_mode=js\">\n\t\t<figure class='photonic-level-1 photonic-thumb'>\n\t\t\t<a href='https:\/\/ksdziesiatka.pl\/old\/wp-content\/uploads\/2023\/02\/farfocle.png' title='Farfocle' rel='lightbox-photonic-wp-stream-1' class='photonic-lb photonic-baguettebox baguettebox' data-photonic-media-type=\"image\" data-content-type=\"image\" data-photonic-deep=\"gallery[photonic-wp-stream-1]\/77444\/\" data-title=\"&lt;a href=&#039;https:\/\/ksdziesiatka.pl\/old\/pakiety-strzeleckie\/farfocle\/&#039; &gt;Farfocle&lt;\/a&gt;\" data-photonic-tooltip=\"Farfocle\">\n\t\t\t\t<img alt='Farfocle' class='square' data-src='https:\/\/ksdziesiatka.pl\/old\/wp-content\/uploads\/2023\/02\/farfocle-300x300.png' loading='lazy' width='300' height='300' \/>\n\t\t\t<\/a>\n\t\t<\/figure>\n\t\t<figure class='photonic-level-1 photonic-thumb'>\n\t\t\t<a href='https:\/\/ksdziesiatka.pl\/old\/wp-content\/uploads\/2023\/02\/badylarz.png' title='Badylarz' rel='lightbox-photonic-wp-stream-1' class='photonic-lb photonic-baguettebox baguettebox' data-photonic-media-type=\"image\" data-content-type=\"image\" data-photonic-deep=\"gallery[photonic-wp-stream-1]\/77445\/\" data-title=\"&lt;a href=&#039;https:\/\/ksdziesiatka.pl\/old\/pakiety-strzeleckie\/badylarz\/&#039; &gt;Badylarz&lt;\/a&gt;\" data-photonic-tooltip=\"Badylarz\">\n\t\t\t\t<img alt='Badylarz' class='square' data-src='https:\/\/ksdziesiatka.pl\/old\/wp-content\/uploads\/2023\/02\/badylarz-300x300.png' loading='lazy' width='300' height='300' \/>\n\t\t\t<\/a>\n\t\t<\/figure>\n\t\t<figure class='photonic-level-1 photonic-thumb'>\n\t\t\t<a href='https:\/\/ksdziesiatka.pl\/old\/wp-content\/uploads\/2023\/02\/zalewajka.png' title='Zalewajka' rel='lightbox-photonic-wp-stream-1' class='photonic-lb photonic-baguettebox baguettebox' data-photonic-media-type=\"image\" data-content-type=\"image\" data-photonic-deep=\"gallery[photonic-wp-stream-1]\/77446\/\" data-title=\"&lt;a href=&#039;https:\/\/ksdziesiatka.pl\/old\/pakiety-strzeleckie\/zalewajka\/&#039; &gt;Zalewajka&lt;\/a&gt;\" data-photonic-tooltip=\"Zalewajka\">\n\t\t\t\t<img alt='Zalewajka' class='square' data-src='https:\/\/ksdziesiatka.pl\/old\/wp-content\/uploads\/2023\/02\/zalewajka-300x300.png' loading='lazy' width='300' height='300' \/>\n\t\t\t<\/a>\n\t\t<\/figure>\n\n\t<\/div> <!-- .\/photonic-level-1-container -->\n\t<span id='photonic-wp-stream-1-container-end'><\/span>\n<\/div><!-- .photonic-stream or .photonic-panel -->\n\n\n\n<p>Pakiety realizowane tylko w poniedzia\u0142ki lub \u015brody:<\/p>\n\n\n<div class='photonic-wp-stream photonic-stream ' id='photonic-wp-stream-2'>\n\n\t<div id='photonic-wp-stream-2-container' class='title-display-tooltip photonic-level-1-container sizes-present photonic-gallery-3c photonic-standard-layout photonic-thumbnail-effect-none' data-photonic-platform=\"wp\" data-photonic-gallery-columns=\"3\" data-photonic-query=\"order=ASC&amp;orderby=post__in&amp;id=77442&amp;itemtag=figure&amp;icontag=div&amp;captiontag=figcaption&amp;size=thumbnail&amp;include=77457,77456,77455,77454,77453,77452,77451,77450,77449,77465&amp;exclude=&amp;link=&amp;offset=0&amp;layout=square&amp;custom_classes=&amp;alignment=&amp;caption=title&amp;page=1&amp;count=-1&amp;thumb_size=medium&amp;slide_size=large&amp;type=default&amp;style=square&amp;display=local&amp;ids=77457,77456,77455,77454,77453,77452,77451,77450,77449,77465&amp;columns=3&amp;main_size=full\">\n\t\t<figure class='photonic-level-1 photonic-thumb'>\n\t\t\t<a href='https:\/\/ksdziesiatka.pl\/old\/wp-content\/uploads\/2023\/02\/sznytka.png' title='sznytka' rel='lightbox-photonic-wp-stream-2' class='photonic-lb photonic-baguettebox baguettebox' data-photonic-media-type=\"image\" data-content-type=\"image\" data-photonic-deep=\"gallery[photonic-wp-stream-2]\/77457\/\" data-title=\"&lt;a href=&#039;https:\/\/ksdziesiatka.pl\/old\/pakiety-strzeleckie\/sznytka\/&#039; &gt;sznytka&lt;\/a&gt;\" data-photonic-tooltip=\"sznytka\">\n\t\t\t\t<img alt='sznytka' class='square' data-src='https:\/\/ksdziesiatka.pl\/old\/wp-content\/uploads\/2023\/02\/sznytka-300x300.png' loading='lazy' width='300' height='300' \/>\n\t\t\t<\/a>\n\t\t<\/figure>\n\t\t<figure class='photonic-level-1 photonic-thumb'>\n\t\t\t<a href='https:\/\/ksdziesiatka.pl\/old\/wp-content\/uploads\/2023\/02\/tytka.png' title='tytka' rel='lightbox-photonic-wp-stream-2' class='photonic-lb photonic-baguettebox baguettebox' data-photonic-media-type=\"image\" data-content-type=\"image\" data-photonic-deep=\"gallery[photonic-wp-stream-2]\/77456\/\" data-title=\"&lt;a href=&#039;https:\/\/ksdziesiatka.pl\/old\/pakiety-strzeleckie\/tytka\/&#039; &gt;tytka&lt;\/a&gt;\" data-photonic-tooltip=\"tytka\">\n\t\t\t\t<img alt='tytka' class='square' data-src='https:\/\/ksdziesiatka.pl\/old\/wp-content\/uploads\/2023\/02\/tytka-300x300.png' loading='lazy' width='300' height='300' \/>\n\t\t\t<\/a>\n\t\t<\/figure>\n\t\t<figure class='photonic-level-1 photonic-thumb'>\n\t\t\t<a href='https:\/\/ksdziesiatka.pl\/old\/wp-content\/uploads\/2023\/02\/brecha.png' title='brecha' rel='lightbox-photonic-wp-stream-2' class='photonic-lb photonic-baguettebox baguettebox' data-photonic-media-type=\"image\" data-content-type=\"image\" data-photonic-deep=\"gallery[photonic-wp-stream-2]\/77455\/\" data-title=\"&lt;a href=&#039;https:\/\/ksdziesiatka.pl\/old\/pakiety-strzeleckie\/brecha\/&#039; &gt;brecha&lt;\/a&gt;\" data-photonic-tooltip=\"brecha\">\n\t\t\t\t<img alt='brecha' class='square' data-src='https:\/\/ksdziesiatka.pl\/old\/wp-content\/uploads\/2023\/02\/brecha-300x300.png' loading='lazy' width='300' height='300' \/>\n\t\t\t<\/a>\n\t\t<\/figure>\n\t\t<figure class='photonic-level-1 photonic-thumb'>\n\t\t\t<a href='https:\/\/ksdziesiatka.pl\/old\/wp-content\/uploads\/2023\/02\/lajpo.png' title='lajpo' rel='lightbox-photonic-wp-stream-2' class='photonic-lb photonic-baguettebox baguettebox' data-photonic-media-type=\"image\" data-content-type=\"image\" data-photonic-deep=\"gallery[photonic-wp-stream-2]\/77454\/\" data-title=\"&lt;a href=&#039;https:\/\/ksdziesiatka.pl\/old\/pakiety-strzeleckie\/lajpo\/&#039; &gt;lajpo&lt;\/a&gt;\" data-photonic-tooltip=\"lajpo\">\n\t\t\t\t<img alt='lajpo' class='square' data-src='https:\/\/ksdziesiatka.pl\/old\/wp-content\/uploads\/2023\/02\/lajpo-300x300.png' loading='lazy' width='300' height='300' \/>\n\t\t\t<\/a>\n\t\t<\/figure>\n\t\t<figure class='photonic-level-1 photonic-thumb'>\n\t\t\t<a href='https:\/\/ksdziesiatka.pl\/old\/wp-content\/uploads\/2023\/02\/prazoki.png' title='prazoki' rel='lightbox-photonic-wp-stream-2' class='photonic-lb photonic-baguettebox baguettebox' data-photonic-media-type=\"image\" data-content-type=\"image\" data-photonic-deep=\"gallery[photonic-wp-stream-2]\/77453\/\" data-title=\"&lt;a href=&#039;https:\/\/ksdziesiatka.pl\/old\/pakiety-strzeleckie\/prazoki\/&#039; &gt;prazoki&lt;\/a&gt;\" data-photonic-tooltip=\"prazoki\">\n\t\t\t\t<img alt='prazoki' class='square' data-src='https:\/\/ksdziesiatka.pl\/old\/wp-content\/uploads\/2023\/02\/prazoki-300x300.png' loading='lazy' width='300' height='300' \/>\n\t\t\t<\/a>\n\t\t<\/figure>\n\t\t<figure class='photonic-level-1 photonic-thumb'>\n\t\t\t<a href='https:\/\/ksdziesiatka.pl\/old\/wp-content\/uploads\/2023\/02\/kluski.png' title='kluski' rel='lightbox-photonic-wp-stream-2' class='photonic-lb photonic-baguettebox baguettebox' data-photonic-media-type=\"image\" data-content-type=\"image\" data-photonic-deep=\"gallery[photonic-wp-stream-2]\/77452\/\" data-title=\"&lt;a href=&#039;https:\/\/ksdziesiatka.pl\/old\/pakiety-strzeleckie\/kluski\/&#039; &gt;kluski&lt;\/a&gt;\" data-photonic-tooltip=\"kluski\">\n\t\t\t\t<img alt='kluski' class='square' data-src='https:\/\/ksdziesiatka.pl\/old\/wp-content\/uploads\/2023\/02\/kluski-300x300.png' loading='lazy' width='300' height='300' \/>\n\t\t\t<\/a>\n\t\t<\/figure>\n\t\t<figure class='photonic-level-1 photonic-thumb'>\n\t\t\t<a href='https:\/\/ksdziesiatka.pl\/old\/wp-content\/uploads\/2023\/02\/szmelc.png' title='szmelc' rel='lightbox-photonic-wp-stream-2' class='photonic-lb photonic-baguettebox baguettebox' data-photonic-media-type=\"image\" data-content-type=\"image\" data-photonic-deep=\"gallery[photonic-wp-stream-2]\/77451\/\" data-title=\"&lt;a href=&#039;https:\/\/ksdziesiatka.pl\/old\/pakiety-strzeleckie\/szmelc\/&#039; &gt;szmelc&lt;\/a&gt;\" data-photonic-tooltip=\"szmelc\">\n\t\t\t\t<img alt='szmelc' class='square' data-src='https:\/\/ksdziesiatka.pl\/old\/wp-content\/uploads\/2023\/02\/szmelc-300x300.png' loading='lazy' width='300' height='300' \/>\n\t\t\t<\/a>\n\t\t<\/figure>\n\t\t<figure class='photonic-level-1 photonic-thumb'>\n\t\t\t<a href='https:\/\/ksdziesiatka.pl\/old\/wp-content\/uploads\/2023\/02\/galanty.png' title='galanty' rel='lightbox-photonic-wp-stream-2' class='photonic-lb photonic-baguettebox baguettebox' data-photonic-media-type=\"image\" data-content-type=\"image\" data-photonic-deep=\"gallery[photonic-wp-stream-2]\/77450\/\" data-title=\"&lt;a href=&#039;https:\/\/ksdziesiatka.pl\/old\/pakiety-strzeleckie\/galanty\/&#039; &gt;galanty&lt;\/a&gt;\" data-photonic-tooltip=\"galanty\">\n\t\t\t\t<img alt='galanty' class='square' data-src='https:\/\/ksdziesiatka.pl\/old\/wp-content\/uploads\/2023\/02\/galanty-300x300.png' loading='lazy' width='300' height='300' \/>\n\t\t\t<\/a>\n\t\t<\/figure>\n\t\t<figure class='photonic-level-1 photonic-thumb'>\n\t\t\t<a href='https:\/\/ksdziesiatka.pl\/old\/wp-content\/uploads\/2023\/02\/bajzel.png' title='bajzel' rel='lightbox-photonic-wp-stream-2' class='photonic-lb photonic-baguettebox baguettebox' data-photonic-media-type=\"image\" data-content-type=\"image\" data-photonic-deep=\"gallery[photonic-wp-stream-2]\/77449\/\" data-title=\"&lt;a href=&#039;https:\/\/ksdziesiatka.pl\/old\/pakiety-strzeleckie\/bajzel\/&#039; &gt;bajzel&lt;\/a&gt;\" data-photonic-tooltip=\"bajzel\">\n\t\t\t\t<img alt='bajzel' class='square' data-src='https:\/\/ksdziesiatka.pl\/old\/wp-content\/uploads\/2023\/02\/bajzel-300x300.png' loading='lazy' width='300' height='300' \/>\n\t\t\t<\/a>\n\t\t<\/figure>\n\t\t<figure class='photonic-level-1 photonic-thumb'>\n\t\t\t<a href='https:\/\/ksdziesiatka.pl\/old\/wp-content\/uploads\/2023\/02\/zamykajacy.png' title='wa\u017cne' rel='lightbox-photonic-wp-stream-2' class='photonic-lb photonic-baguettebox baguettebox' data-photonic-media-type=\"image\" data-content-type=\"image\" data-photonic-deep=\"gallery[photonic-wp-stream-2]\/77465\/\" data-title=\"&lt;a href=&#039;https:\/\/ksdziesiatka.pl\/old\/pakiety-strzeleckie\/zamykajacy\/&#039; &gt;wa\u017cne&lt;\/a&gt;\" data-photonic-tooltip=\"wa\u017cne\">\n\t\t\t\t<img alt='wa\u017cne' class='square' data-src='https:\/\/ksdziesiatka.pl\/old\/wp-content\/uploads\/2023\/02\/zamykajacy-300x300.png' loading='lazy' width='300' height='300' \/>\n\t\t\t<\/a>\n\t\t<\/figure>\n\n\t<\/div> <!-- .\/photonic-level-1-container -->\n\t<span id='photonic-wp-stream-2-container-end'><\/span>\n<\/div><!-- .photonic-stream or .photonic-panel -->\n","protected":false},"excerpt":{"rendered":"<p>&#8222;Zamiast cieka\u0107 po chynchach czy gra\u0107 w trambambule, odwied\u017a nasz\u0105 strzelnic\u0119 i skorzystaj z regionalnych pakiet\u00f3w strzeleckich!&#8221; \ud83d\ude42 Pakiety realizowane w ka\u017cdy dzie\u0144 Klubowy: Pakiety realizowane tylko w poniedzia\u0142ki lub \u015brody:<\/p>\n","protected":false},"author":9,"featured_media":0,"parent":0,"menu_order":1,"comment_status":"closed","ping_status":"closed","template":"sidebar-page.php","meta":{"footnotes":""},"class_list":["post-77442","page","type-page","status-publish","hentry"],"_links":{"self":[{"href":"https:\/\/ksdziesiatka.pl\/old\/wp-json\/wp\/v2\/pages\/77442","targetHints":{"allow":["GET"]}}],"collection":[{"href":"https:\/\/ksdziesiatka.pl\/old\/wp-json\/wp\/v2\/pages"}],"about":[{"href":"https:\/\/ksdziesiatka.pl\/old\/wp-json\/wp\/v2\/types\/page"}],"author":[{"embeddable":true,"href":"https:\/\/ksdziesiatka.pl\/old\/wp-json\/wp\/v2\/users\/9"}],"replies":[{"embeddable":true,"href":"https:\/\/ksdziesiatka.pl\/old\/wp-json\/wp\/v2\/comments?post=77442"}],"version-history":[{"count":60,"href":"https:\/\/ksdziesiatka.pl\/old\/wp-json\/wp\/v2\/pages\/77442\/revisions"}],"predecessor-version":[{"id":82800,"href":"https:\/\/ksdziesiatka.pl\/old\/wp-json\/wp\/v2\/pages\/77442\/revisions\/82800"}],"wp:attachment":[{"href":"https:\/\/ksdziesiatka.pl\/old\/wp-json\/wp\/v2\/media?parent=77442"}],"curies":[{"name":"wp","href":"https:\/\/api.w.org\/{rel}","templated":true}]}}