{"id":77697,"date":"2023-03-26T22:44:34","date_gmt":"2023-03-26T20:44:34","guid":{"rendered":"https:\/\/ksdziesiatka.pl\/old\/?page_id=77697"},"modified":"2024-10-06T11:56:04","modified_gmt":"2024-10-06T09:56:04","slug":"jak-uzyskac-pozwolenie-na-bron-sportowa-do-celow-kolekcjonerskich","status":"publish","type":"page","link":"https:\/\/ksdziesiatka.pl\/old\/jak-uzyskac-pozwolenie-na-bron-sportowa-do-celow-kolekcjonerskich\/","title":{"rendered":"Jak uzyska\u0107 pozwolenie na bro\u0144 sportow\u0105 do cel\u00f3w kolekcjonerskich"},"content":{"rendered":"\n<p>W Klubie mo\u017cemy posiada\u0107 bro\u0144 do cel\u00f3w kolekcjonerskich. Pozwala na to statut LOK i regulamin Klubu.<\/p>\n\n\n\n<p>Nie d\u0142ugo uzupe\u0142nimy stron\u0119 o informacj\u0119 krok po kroku.<\/p>\n","protected":false},"excerpt":{"rendered":"<p>W Klubie mo\u017cemy posiada\u0107 bro\u0144 do cel\u00f3w kolekcjonerskich. Pozwala na to statut LOK i regulamin Klubu. Nie d\u0142ugo uzupe\u0142nimy stron\u0119 o informacj\u0119 krok po kroku.<\/p>\n","protected":false},"author":9,"featured_media":0,"parent":0,"menu_order":0,"comment_status":"closed","ping_status":"closed","template":"sidebar-page.php","meta":{"footnotes":""},"class_list":["post-77697","page","type-page","status-publish","hentry"],"_links":{"self":[{"href":"https:\/\/ksdziesiatka.pl\/old\/wp-json\/wp\/v2\/pages\/77697","targetHints":{"allow":["GET"]}}],"collection":[{"href":"https:\/\/ksdziesiatka.pl\/old\/wp-json\/wp\/v2\/pages"}],"about":[{"href":"https:\/\/ksdziesiatka.pl\/old\/wp-json\/wp\/v2\/types\/page"}],"author":[{"embeddable":true,"href":"https:\/\/ksdziesiatka.pl\/old\/wp-json\/wp\/v2\/users\/9"}],"replies":[{"embeddable":true,"href":"https:\/\/ksdziesiatka.pl\/old\/wp-json\/wp\/v2\/comments?post=77697"}],"version-history":[{"count":3,"href":"https:\/\/ksdziesiatka.pl\/old\/wp-json\/wp\/v2\/pages\/77697\/revisions"}],"predecessor-version":[{"id":82602,"href":"https:\/\/ksdziesiatka.pl\/old\/wp-json\/wp\/v2\/pages\/77697\/revisions\/82602"}],"wp:attachment":[{"href":"https:\/\/ksdziesiatka.pl\/old\/wp-json\/wp\/v2\/media?parent=77697"}],"curies":[{"name":"wp","href":"https:\/\/api.w.org\/{rel}","templated":true}]}}