{"id":77700,"date":"2023-03-26T22:46:49","date_gmt":"2023-03-26T20:46:49","guid":{"rendered":"https:\/\/ksdziesiatka.pl\/old\/?page_id=77700"},"modified":"2024-10-06T12:00:05","modified_gmt":"2024-10-06T10:00:05","slug":"jak-uzyskac-pozwolenie-na-bron-cieciwowa-w-postaci-kuszy","status":"publish","type":"page","link":"https:\/\/ksdziesiatka.pl\/old\/jak-uzyskac-pozwolenie-na-bron-cieciwowa-w-postaci-kuszy\/","title":{"rendered":"Jak uzyska\u0107 pozwolenie na bro\u0144 ci\u0119ciwow\u0105 w postaci kuszy"},"content":{"rendered":"\n<p>Sprawa z Kusz\u0105 nie jest prosta i klarowna. Jako Klub mo\u017cemy si\u0119 pochwali\u0107, \u017ce 2 osoby z Klubu przebrn\u0119\u0142y przez przepisy i s\u0105 posiadaczami pozwolenia i samej kuszy. <\/p>\n\n\n\n<p>Jak tylko b\u0119dziemy mieli wi\u0119ksz\u0105 wiedz\u0119 na temat pozwole\u0144 na kusz\u0119 to opiszemy procedury.<\/p>\n","protected":false},"excerpt":{"rendered":"<p>Sprawa z Kusz\u0105 nie jest prosta i klarowna. Jako Klub mo\u017cemy si\u0119 pochwali\u0107, \u017ce 2 osoby z Klubu przebrn\u0119\u0142y przez przepisy i s\u0105 posiadaczami pozwolenia i samej kuszy. Jak tylko b\u0119dziemy mieli wi\u0119ksz\u0105 wiedz\u0119 na temat pozwole\u0144 na kusz\u0119 to &hellip; <a href=\"https:\/\/ksdziesiatka.pl\/old\/jak-uzyskac-pozwolenie-na-bron-cieciwowa-w-postaci-kuszy\/\">Czytaj dalej <span class=\"meta-nav\">&rarr;<\/span><\/a><\/p>\n","protected":false},"author":9,"featured_media":0,"parent":0,"menu_order":0,"comment_status":"closed","ping_status":"closed","template":"","meta":{"footnotes":""},"class_list":["post-77700","page","type-page","status-publish","hentry"],"_links":{"self":[{"href":"https:\/\/ksdziesiatka.pl\/old\/wp-json\/wp\/v2\/pages\/77700","targetHints":{"allow":["GET"]}}],"collection":[{"href":"https:\/\/ksdziesiatka.pl\/old\/wp-json\/wp\/v2\/pages"}],"about":[{"href":"https:\/\/ksdziesiatka.pl\/old\/wp-json\/wp\/v2\/types\/page"}],"author":[{"embeddable":true,"href":"https:\/\/ksdziesiatka.pl\/old\/wp-json\/wp\/v2\/users\/9"}],"replies":[{"embeddable":true,"href":"https:\/\/ksdziesiatka.pl\/old\/wp-json\/wp\/v2\/comments?post=77700"}],"version-history":[{"count":3,"href":"https:\/\/ksdziesiatka.pl\/old\/wp-json\/wp\/v2\/pages\/77700\/revisions"}],"predecessor-version":[{"id":82604,"href":"https:\/\/ksdziesiatka.pl\/old\/wp-json\/wp\/v2\/pages\/77700\/revisions\/82604"}],"wp:attachment":[{"href":"https:\/\/ksdziesiatka.pl\/old\/wp-json\/wp\/v2\/media?parent=77700"}],"curies":[{"name":"wp","href":"https:\/\/api.w.org\/{rel}","templated":true}]}}