{"id":82001,"date":"2023-09-16T19:38:50","date_gmt":"2023-09-16T17:38:50","guid":{"rendered":"https:\/\/ksdziesiatka.pl\/old\/?page_id=82001"},"modified":"2024-12-31T11:49:24","modified_gmt":"2024-12-31T10:49:24","slug":"kalendarz-klubowy","status":"publish","type":"page","link":"https:\/\/ksdziesiatka.pl\/old\/kalendarz-klubowy\/","title":{"rendered":"Kalendarz Klubowy"},"content":{"rendered":"\n<iframe src=\"https:\/\/calendar.google.com\/calendar\/embed?height=400&amp;wkst=2&amp;bgcolor=%23ffffff&amp;ctz=Europe%2FWarsaw&amp;showCalendars=1&amp;showTz=1&amp;showNav=1&amp;showDate=1&amp;src=MTA0MjM0ZTI5MTEyZThiYTk0MzBmZWZmNDk5MjRhNmU0YzI4NzJlMzA3ODdhMzhjZjdmZmE2ZTE2MGEyNmNkNkBncm91cC5jYWxlbmRhci5nb29nbGUuY29t&amp;color=%23F09300\" style=\"border:solid 1px #777; width:100%;height:400px\" frameborder=\"0\" scrolling=\"no\"><\/iframe>\n\n\n\n<p>Kalendarz powy\u017cej jest najbardziej aktualny. Polecamy subskrybowa\u0107 aby niczego nie przeoczy\u0107.<\/p>\n","protected":false},"excerpt":{"rendered":"<p>Kalendarz powy\u017cej jest najbardziej aktualny. Polecamy subskrybowa\u0107 aby niczego nie przeoczy\u0107.<\/p>\n","protected":false},"author":9,"featured_media":0,"parent":0,"menu_order":0,"comment_status":"closed","ping_status":"closed","template":"sidebar-page.php","meta":{"footnotes":""},"class_list":["post-82001","page","type-page","status-publish","hentry"],"_links":{"self":[{"href":"https:\/\/ksdziesiatka.pl\/old\/wp-json\/wp\/v2\/pages\/82001","targetHints":{"allow":["GET"]}}],"collection":[{"href":"https:\/\/ksdziesiatka.pl\/old\/wp-json\/wp\/v2\/pages"}],"about":[{"href":"https:\/\/ksdziesiatka.pl\/old\/wp-json\/wp\/v2\/types\/page"}],"author":[{"embeddable":true,"href":"https:\/\/ksdziesiatka.pl\/old\/wp-json\/wp\/v2\/users\/9"}],"replies":[{"embeddable":true,"href":"https:\/\/ksdziesiatka.pl\/old\/wp-json\/wp\/v2\/comments?post=82001"}],"version-history":[{"count":9,"href":"https:\/\/ksdziesiatka.pl\/old\/wp-json\/wp\/v2\/pages\/82001\/revisions"}],"predecessor-version":[{"id":82718,"href":"https:\/\/ksdziesiatka.pl\/old\/wp-json\/wp\/v2\/pages\/82001\/revisions\/82718"}],"wp:attachment":[{"href":"https:\/\/ksdziesiatka.pl\/old\/wp-json\/wp\/v2\/media?parent=82001"}],"curies":[{"name":"wp","href":"https:\/\/api.w.org\/{rel}","templated":true}]}}