{"id":82403,"date":"2024-06-18T19:04:27","date_gmt":"2024-06-18T17:04:27","guid":{"rendered":"https:\/\/ksdziesiatka.pl\/?page_id=82403"},"modified":"2025-06-15T16:53:01","modified_gmt":"2025-06-15T14:53:01","slug":"licencje-zawodnicze","status":"publish","type":"page","link":"https:\/\/ksdziesiatka.pl\/licencje-zawodnicze\/","title":{"rendered":"Licencje Zawodnicze"},"content":{"rendered":"\n<p><strong>Licencje na 2026 rok:<\/strong><\/p>\n\n\n\n<p>W zwi\u0105zku ze zmianami wysoko\u015bci op\u0142aty na \u0141ZSS:<br>Licencja zawodnicza nowa i przed\u0142u\u017cenie b\u0119dzie kosztowa\u0142o:<br>\u0141ZSS &#8211; 35z\u0142<br>PZSS &#8211; 50z\u0142<br><strong>\u0141\u0105cznie &#8211; 85z\u0142<\/strong><\/p>\n\n\n\n<p><strong>Licencje na 2025 rok:<\/strong><\/p>\n\n\n\n<p>Osoby kt\u00f3re z\u0142o\u017cy\u0142y wniosek o wydanie <strong>NOWEJ<\/strong> licencji zawodniczej w portalu PZSS (<a rel=\"noreferrer noopener\" href=\"https:\/\/portal.pzss.org.pl\/\" target=\"_blank\">https:\/\/portal.pzss.org.pl\/<\/a>) musz\u0105 ui\u015bci\u0107 op\u0142at\u0119 za wydanie licencji w Klubie &#8211; 75z\u0142 got\u00f3wk\u0105.<\/p>\n\n\n\n<p>Osoby kt\u00f3re z\u0142o\u017cy\u0142y wniosek o <strong>PRZED\u0141U\u017bENIE<\/strong> licencji zawodniczej w portalu PZSS  (<a rel=\"noreferrer noopener\" href=\"https:\/\/portal.pzss.org.pl\/\" target=\"_blank\">https:\/\/portal.pzss.org.pl\/<\/a>) musz\u0105 ui\u015bci\u0107 op\u0142at\u0119 za wydanie licencji w Klubie &#8211; 75z\u0142 got\u00f3wk\u0105 oraz przedstawi\u0107 papierowy wniosek z udokumentowanymi startami w roku kalendarzowym na kt\u00f3ry jest wydana licencja. Je\u015bli zawodnik\/Klubowicz robi\u0142 starty u nas to wystarczy poprosi\u0107 o wydruk wype\u0142nionego wniosku w biurze.<\/p>\n\n\n\n<p>Je\u015bli zawodnik <strong>TYLKO <\/strong>&#8222;kliknie&#8221; w portalu PZSS nie uzyska akceptacji Klubu do momentu uiszczenia op\u0142aty.<\/p>\n","protected":false},"excerpt":{"rendered":"<p>Licencje na 2026 rok: W zwi\u0105zku ze zmianami wysoko\u015bci op\u0142aty na \u0141ZSS:Licencja zawodnicza nowa i przed\u0142u\u017cenie b\u0119dzie kosztowa\u0142o:\u0141ZSS &#8211; 35z\u0142PZSS &#8211; 50z\u0142\u0141\u0105cznie &#8211; 85z\u0142 Licencje na 2025 rok: Osoby kt\u00f3re z\u0142o\u017cy\u0142y wniosek o wydanie NOWEJ licencji zawodniczej w portalu PZSS &hellip; <a href=\"https:\/\/ksdziesiatka.pl\/licencje-zawodnicze\/\">Czytaj dalej <span class=\"meta-nav\">&rarr;<\/span><\/a><\/p>\n","protected":false},"author":9,"featured_media":0,"parent":0,"menu_order":0,"comment_status":"closed","ping_status":"closed","template":"sidebar-page.php","meta":{"footnotes":""},"class_list":["post-82403","page","type-page","status-publish","hentry"],"_links":{"self":[{"href":"https:\/\/ksdziesiatka.pl\/wp-json\/wp\/v2\/pages\/82403","targetHints":{"allow":["GET"]}}],"collection":[{"href":"https:\/\/ksdziesiatka.pl\/wp-json\/wp\/v2\/pages"}],"about":[{"href":"https:\/\/ksdziesiatka.pl\/wp-json\/wp\/v2\/types\/page"}],"author":[{"embeddable":true,"href":"https:\/\/ksdziesiatka.pl\/wp-json\/wp\/v2\/users\/9"}],"replies":[{"embeddable":true,"href":"https:\/\/ksdziesiatka.pl\/wp-json\/wp\/v2\/comments?post=82403"}],"version-history":[{"count":6,"href":"https:\/\/ksdziesiatka.pl\/wp-json\/wp\/v2\/pages\/82403\/revisions"}],"predecessor-version":[{"id":82875,"href":"https:\/\/ksdziesiatka.pl\/wp-json\/wp\/v2\/pages\/82403\/revisions\/82875"}],"wp:attachment":[{"href":"https:\/\/ksdziesiatka.pl\/wp-json\/wp\/v2\/media?parent=82403"}],"curies":[{"name":"wp","href":"https:\/\/api.w.org\/{rel}","templated":true}]}}