{"id":82421,"date":"2024-06-23T18:31:14","date_gmt":"2024-06-23T16:31:14","guid":{"rendered":"https:\/\/ksdziesiatka.pl\/old\/?page_id=82421"},"modified":"2024-06-23T19:00:23","modified_gmt":"2024-06-23T17:00:23","slug":"medicover-sport","status":"publish","type":"page","link":"https:\/\/ksdziesiatka.pl\/old\/medicover-sport\/","title":{"rendered":"Medicover Sport"},"content":{"rendered":"\n<figure class=\"wp-block-image size-large\"><a href=\"https:\/\/ksdziesiatka.pl\/old\/wp-content\/uploads\/2024\/06\/medicover-slider1.webp\"><img loading=\"lazy\" decoding=\"async\" width=\"1024\" height=\"264\" src=\"https:\/\/ksdziesiatka.pl\/old\/wp-content\/uploads\/2024\/06\/medicover-slider1-1024x264.webp\" alt=\"\" class=\"wp-image-82424\" srcset=\"https:\/\/ksdziesiatka.pl\/old\/wp-content\/uploads\/2024\/06\/medicover-slider1-1024x264.webp 1024w, https:\/\/ksdziesiatka.pl\/old\/wp-content\/uploads\/2024\/06\/medicover-slider1-300x77.webp 300w, https:\/\/ksdziesiatka.pl\/old\/wp-content\/uploads\/2024\/06\/medicover-slider1-768x198.webp 768w, https:\/\/ksdziesiatka.pl\/old\/wp-content\/uploads\/2024\/06\/medicover-slider1-1536x396.webp 1536w, https:\/\/ksdziesiatka.pl\/old\/wp-content\/uploads\/2024\/06\/medicover-slider1-500x129.webp 500w, https:\/\/ksdziesiatka.pl\/old\/wp-content\/uploads\/2024\/06\/medicover-slider1.webp 1920w\" sizes=\"auto, (max-width: 1024px) 100vw, 1024px\" \/><\/a><\/figure>\n\n\n\n<p>W ramach Pakietu Medicover Sport maj\u0105 Pa\u0144stwo mo\u017cliwo\u015b\u0107 skorzystania ze wszystkich dost\u0119pnych u Nas pakiet\u00f3w strzeleckich z rabatem 20z\u0142.<br><br>Wystarczy si\u0119 wcze\u015bniej um\u00f3wi\u0107 i skorzysta\u0107 w wybranego <a rel=\"noreferrer noopener\" href=\"https:\/\/ksdziesiatka.pl\/old\/pakiety-strzeleckie\/\" data-type=\"URL\" data-id=\"https:\/\/ksdziesiatka.pl\/old\/pakiety-strzeleckie\/\" target=\"_blank\">pakietu strzeleckiego<\/a><\/p>\n","protected":false},"excerpt":{"rendered":"<p>W ramach Pakietu Medicover Sport maj\u0105 Pa\u0144stwo mo\u017cliwo\u015b\u0107 skorzystania ze wszystkich dost\u0119pnych u Nas pakiet\u00f3w strzeleckich z rabatem 20z\u0142. Wystarczy si\u0119 wcze\u015bniej um\u00f3wi\u0107 i skorzysta\u0107 w wybranego pakietu strzeleckiego<\/p>\n","protected":false},"author":9,"featured_media":0,"parent":0,"menu_order":0,"comment_status":"closed","ping_status":"closed","template":"sidebar-page.php","meta":{"footnotes":""},"class_list":["post-82421","page","type-page","status-publish","hentry"],"_links":{"self":[{"href":"https:\/\/ksdziesiatka.pl\/old\/wp-json\/wp\/v2\/pages\/82421","targetHints":{"allow":["GET"]}}],"collection":[{"href":"https:\/\/ksdziesiatka.pl\/old\/wp-json\/wp\/v2\/pages"}],"about":[{"href":"https:\/\/ksdziesiatka.pl\/old\/wp-json\/wp\/v2\/types\/page"}],"author":[{"embeddable":true,"href":"https:\/\/ksdziesiatka.pl\/old\/wp-json\/wp\/v2\/users\/9"}],"replies":[{"embeddable":true,"href":"https:\/\/ksdziesiatka.pl\/old\/wp-json\/wp\/v2\/comments?post=82421"}],"version-history":[{"count":2,"href":"https:\/\/ksdziesiatka.pl\/old\/wp-json\/wp\/v2\/pages\/82421\/revisions"}],"predecessor-version":[{"id":82425,"href":"https:\/\/ksdziesiatka.pl\/old\/wp-json\/wp\/v2\/pages\/82421\/revisions\/82425"}],"wp:attachment":[{"href":"https:\/\/ksdziesiatka.pl\/old\/wp-json\/wp\/v2\/media?parent=82421"}],"curies":[{"name":"wp","href":"https:\/\/api.w.org\/{rel}","templated":true}]}}