{"id":82741,"date":"2025-02-09T15:31:07","date_gmt":"2025-02-09T14:31:07","guid":{"rendered":"https:\/\/ksdziesiatka.pl\/old\/?page_id=82741"},"modified":"2025-06-12T20:20:49","modified_gmt":"2025-06-12T18:20:49","slug":"koszulki-klubowe","status":"publish","type":"page","link":"https:\/\/ksdziesiatka.pl\/old\/koszulki-klubowe\/","title":{"rendered":"KOSZULKI KLUBOWE"},"content":{"rendered":"\n<p>Drodzy Klubowicze!Wraz z polsk\u0105 mark\u0105 odzie\u017cy sportowej 3STU prezentujemy Wam KOSZULKI KLUBOWE <br><\/p>\n\n\n\n<figure class=\"wp-block-gallery has-nested-images columns-default is-cropped wp-block-gallery-1 is-layout-flex wp-block-gallery-is-layout-flex\">\n<figure class=\"wp-block-image size-large\"><a href=\"https:\/\/ksdziesiatka.pl\/old\/wp-content\/uploads\/2025\/02\/IMG-20250114-WA00081.jpg\"><img loading=\"lazy\" decoding=\"async\" width=\"1024\" height=\"1024\" data-id=\"82736\" src=\"https:\/\/ksdziesiatka.pl\/old\/wp-content\/uploads\/2025\/02\/IMG-20250114-WA00081-1024x1024.jpg\" alt=\"\" class=\"wp-image-82736\" srcset=\"https:\/\/ksdziesiatka.pl\/old\/wp-content\/uploads\/2025\/02\/IMG-20250114-WA00081-1024x1024.jpg 1024w, https:\/\/ksdziesiatka.pl\/old\/wp-content\/uploads\/2025\/02\/IMG-20250114-WA00081-300x300.jpg 300w, https:\/\/ksdziesiatka.pl\/old\/wp-content\/uploads\/2025\/02\/IMG-20250114-WA00081-150x150.jpg 150w, https:\/\/ksdziesiatka.pl\/old\/wp-content\/uploads\/2025\/02\/IMG-20250114-WA00081-768x768.jpg 768w, https:\/\/ksdziesiatka.pl\/old\/wp-content\/uploads\/2025\/02\/IMG-20250114-WA00081-1536x1536.jpg 1536w, https:\/\/ksdziesiatka.pl\/old\/wp-content\/uploads\/2025\/02\/IMG-20250114-WA00081.jpg 1600w\" sizes=\"auto, (max-width: 1024px) 100vw, 1024px\" \/><\/a><\/figure>\n\n\n\n<figure class=\"wp-block-image size-large\"><a href=\"https:\/\/ksdziesiatka.pl\/old\/wp-content\/uploads\/2025\/02\/IMG-20250106-WA00062-1.jpg\"><img loading=\"lazy\" decoding=\"async\" width=\"1024\" height=\"1024\" data-id=\"82737\" src=\"https:\/\/ksdziesiatka.pl\/old\/wp-content\/uploads\/2025\/02\/IMG-20250106-WA00062-1-1024x1024.jpg\" alt=\"\" class=\"wp-image-82737\" srcset=\"https:\/\/ksdziesiatka.pl\/old\/wp-content\/uploads\/2025\/02\/IMG-20250106-WA00062-1-1024x1024.jpg 1024w, https:\/\/ksdziesiatka.pl\/old\/wp-content\/uploads\/2025\/02\/IMG-20250106-WA00062-1-300x300.jpg 300w, https:\/\/ksdziesiatka.pl\/old\/wp-content\/uploads\/2025\/02\/IMG-20250106-WA00062-1-150x150.jpg 150w, https:\/\/ksdziesiatka.pl\/old\/wp-content\/uploads\/2025\/02\/IMG-20250106-WA00062-1-768x768.jpg 768w, https:\/\/ksdziesiatka.pl\/old\/wp-content\/uploads\/2025\/02\/IMG-20250106-WA00062-1-1536x1536.jpg 1536w, https:\/\/ksdziesiatka.pl\/old\/wp-content\/uploads\/2025\/02\/IMG-20250106-WA00062-1.jpg 1600w\" sizes=\"auto, (max-width: 1024px) 100vw, 1024px\" \/><\/a><\/figure>\n\n\n\n<figure class=\"wp-block-image size-large\"><a href=\"https:\/\/ksdziesiatka.pl\/old\/wp-content\/uploads\/2025\/02\/IMG-20250121-WA00011.jpg\"><img loading=\"lazy\" decoding=\"async\" width=\"1024\" height=\"1024\" data-id=\"82738\" src=\"https:\/\/ksdziesiatka.pl\/old\/wp-content\/uploads\/2025\/02\/IMG-20250121-WA00011-1024x1024.jpg\" alt=\"\" class=\"wp-image-82738\" srcset=\"https:\/\/ksdziesiatka.pl\/old\/wp-content\/uploads\/2025\/02\/IMG-20250121-WA00011-1024x1024.jpg 1024w, https:\/\/ksdziesiatka.pl\/old\/wp-content\/uploads\/2025\/02\/IMG-20250121-WA00011-300x300.jpg 300w, https:\/\/ksdziesiatka.pl\/old\/wp-content\/uploads\/2025\/02\/IMG-20250121-WA00011-150x150.jpg 150w, https:\/\/ksdziesiatka.pl\/old\/wp-content\/uploads\/2025\/02\/IMG-20250121-WA00011-768x768.jpg 768w, https:\/\/ksdziesiatka.pl\/old\/wp-content\/uploads\/2025\/02\/IMG-20250121-WA00011-1536x1536.jpg 1536w, https:\/\/ksdziesiatka.pl\/old\/wp-content\/uploads\/2025\/02\/IMG-20250121-WA00011.jpg 1600w\" sizes=\"auto, (max-width: 1024px) 100vw, 1024px\" \/><\/a><\/figure>\n\n\n\n<figure class=\"wp-block-image size-large\"><a href=\"https:\/\/ksdziesiatka.pl\/old\/wp-content\/uploads\/2025\/02\/IMG-20250121-WA00001.jpg\"><img loading=\"lazy\" decoding=\"async\" width=\"1024\" height=\"1024\" data-id=\"82735\" src=\"https:\/\/ksdziesiatka.pl\/old\/wp-content\/uploads\/2025\/02\/IMG-20250121-WA00001-1024x1024.jpg\" alt=\"\" class=\"wp-image-82735\" srcset=\"https:\/\/ksdziesiatka.pl\/old\/wp-content\/uploads\/2025\/02\/IMG-20250121-WA00001-1024x1024.jpg 1024w, https:\/\/ksdziesiatka.pl\/old\/wp-content\/uploads\/2025\/02\/IMG-20250121-WA00001-300x300.jpg 300w, https:\/\/ksdziesiatka.pl\/old\/wp-content\/uploads\/2025\/02\/IMG-20250121-WA00001-150x150.jpg 150w, https:\/\/ksdziesiatka.pl\/old\/wp-content\/uploads\/2025\/02\/IMG-20250121-WA00001-768x768.jpg 768w, https:\/\/ksdziesiatka.pl\/old\/wp-content\/uploads\/2025\/02\/IMG-20250121-WA00001-1536x1536.jpg 1536w, https:\/\/ksdziesiatka.pl\/old\/wp-content\/uploads\/2025\/02\/IMG-20250121-WA00001.jpg 1600w\" sizes=\"auto, (max-width: 1024px) 100vw, 1024px\" \/><\/a><\/figure>\n<\/figure>\n\n\n\n<p><br>Koszulki mo\u017cna zamawia\u0107 poprzez formularz (wy\u0142\u0105czony)<br>w formularzu znajduj\u0105 si\u0119 wszystkie szczeg\u00f3\u0142y dotycz\u0105ce rozmiar\u00f3w oraz ceny. <br><br>Poniewa\u017c chcemy, aby\u015bcie mogli jak najszybciej cieszy\u0107 si\u0119 swoimi koszulkami pierwsze zam\u00f3wienia mo\u017cna sk\u0142ada\u0107 tylko do 17 lutego<\/p>\n","protected":false},"excerpt":{"rendered":"<p>Drodzy Klubowicze!Wraz z polsk\u0105 mark\u0105 odzie\u017cy sportowej 3STU prezentujemy Wam KOSZULKI KLUBOWE Koszulki mo\u017cna zamawia\u0107 poprzez formularz (wy\u0142\u0105czony)w formularzu znajduj\u0105 si\u0119 wszystkie szczeg\u00f3\u0142y dotycz\u0105ce rozmiar\u00f3w oraz ceny. Poniewa\u017c chcemy, aby\u015bcie mogli jak najszybciej cieszy\u0107 si\u0119 swoimi koszulkami pierwsze zam\u00f3wienia mo\u017cna &hellip; <a href=\"https:\/\/ksdziesiatka.pl\/old\/koszulki-klubowe\/\">Czytaj dalej <span class=\"meta-nav\">&rarr;<\/span><\/a><\/p>\n","protected":false},"author":9,"featured_media":0,"parent":0,"menu_order":0,"comment_status":"closed","ping_status":"closed","template":"sidebar-page.php","meta":{"footnotes":""},"class_list":["post-82741","page","type-page","status-publish","hentry"],"_links":{"self":[{"href":"https:\/\/ksdziesiatka.pl\/old\/wp-json\/wp\/v2\/pages\/82741","targetHints":{"allow":["GET"]}}],"collection":[{"href":"https:\/\/ksdziesiatka.pl\/old\/wp-json\/wp\/v2\/pages"}],"about":[{"href":"https:\/\/ksdziesiatka.pl\/old\/wp-json\/wp\/v2\/types\/page"}],"author":[{"embeddable":true,"href":"https:\/\/ksdziesiatka.pl\/old\/wp-json\/wp\/v2\/users\/9"}],"replies":[{"embeddable":true,"href":"https:\/\/ksdziesiatka.pl\/old\/wp-json\/wp\/v2\/comments?post=82741"}],"version-history":[{"count":3,"href":"https:\/\/ksdziesiatka.pl\/old\/wp-json\/wp\/v2\/pages\/82741\/revisions"}],"predecessor-version":[{"id":82869,"href":"https:\/\/ksdziesiatka.pl\/old\/wp-json\/wp\/v2\/pages\/82741\/revisions\/82869"}],"wp:attachment":[{"href":"https:\/\/ksdziesiatka.pl\/old\/wp-json\/wp\/v2\/media?parent=82741"}],"curies":[{"name":"wp","href":"https:\/\/api.w.org\/{rel}","templated":true}]}}